{"id":23859,"date":"2025-07-08T10:03:24","date_gmt":"2025-07-08T15:03:24","guid":{"rendered":"https:\/\/countycare.com\/?page_id=23859"},"modified":"2025-11-04T12:00:23","modified_gmt":"2025-11-04T18:00:23","slug":"find-your-care-coordinator","status":"publish","type":"page","link":"https:\/\/countycare.com\/es\/find-your-care-coordinator\/","title":{"rendered":"Encuentre su coordinador de atenci\u00f3n"},"content":{"rendered":"<div data-elementor-type=\"wp-page\" data-elementor-id=\"23859\" class=\"elementor elementor-23859\" data-elementor-post-type=\"page\">\n\t\t\t\t<div class=\"elementor-element elementor-element-625f5b3 e-flex e-con-boxed e-con e-parent\" data-id=\"625f5b3\" data-element_type=\"container\" data-e-type=\"container\" data-settings=\"{&quot;background_background&quot;:&quot;classic&quot;,&quot;jet_parallax_layout_list&quot;:[]}\">\n\t\t\t\t\t<div class=\"e-con-inner\">\n\t\t\t\t<div class=\"elementor-element elementor-element-54a92f6 elementor-widget elementor-widget-heading\" data-id=\"54a92f6\" data-element_type=\"widget\" data-e-type=\"widget\" data-widget_type=\"heading.default\">\n\t\t\t\t<div class=\"elementor-widget-container\">\n\t\t\t\t\t<h1 class=\"elementor-heading-title elementor-size-default\">Encuentre su coordinador de atenci\u00f3n<\/h1>\t\t\t\t<\/div>\n\t\t\t\t<\/div>\n\t\t\t\t\t<\/div>\n\t\t\t\t<\/div>\n\t\t<div class=\"elementor-element elementor-element-25f826c e-flex e-con-boxed e-con e-parent\" data-id=\"25f826c\" data-element_type=\"container\" data-e-type=\"container\" data-settings=\"{&quot;jet_parallax_layout_list&quot;:[]}\">\n\t\t\t\t\t<div class=\"e-con-inner\">\n\t\t<div class=\"elementor-element elementor-element-89e6c02 e-con-full e-flex e-con e-child\" data-id=\"89e6c02\" data-element_type=\"container\" data-e-type=\"container\" data-settings=\"{&quot;background_background&quot;:&quot;classic&quot;,&quot;jet_parallax_layout_list&quot;:[]}\">\n\t\t\t\t<div class=\"elementor-element elementor-element-d933143 elementor-widget elementor-widget-heading\" data-id=\"d933143\" data-element_type=\"widget\" data-e-type=\"widget\" data-widget_type=\"heading.default\">\n\t\t\t\t<div class=\"elementor-widget-container\">\n\t\t\t\t\t<h5 class=\"elementor-heading-title elementor-size-default\">Cada miembro de CountyCare puede recibir ayuda de un coordinador de atenci\u00f3n para:<\/h5>\t\t\t\t<\/div>\n\t\t\t\t<\/div>\n\t\t\t\t<div class=\"elementor-element elementor-element-6edc23a elementor-widget elementor-widget-text-editor\" data-id=\"6edc23a\" data-element_type=\"widget\" data-e-type=\"widget\" data-widget_type=\"text-editor.default\">\n\t\t\t\t<div class=\"elementor-widget-container\">\n\t\t\t\t\t\t\t\t\t<div class=\"wpb_text_column\"><div class=\"wpb_wrapper\"><div class=\"lead\"><ul class=\"cc-ul-check\"><li>Responder preguntas sobre su tratamiento<\/li><li>Configurar transporte para visitas m\u00e9dicas<\/li><li>Ayudarle a controlar una afecci\u00f3n, como el asma o la diabetes.<\/li><li>Comprenda los beneficios de CountyCare<\/li><li>Recibir servicios cuando salga del hospital<\/li><\/ul><\/div><\/div><\/div><div class=\"wpb_text_column\"><div class=\"wpb_wrapper\"><div class=\"lead\">\u00a0<\/div><div>\u00a0<\/div><\/div><\/div>\t\t\t\t\t\t\t\t<\/div>\n\t\t\t\t<\/div>\n\t\t\t\t<div class=\"elementor-element elementor-element-b3db74b elementor-widget elementor-widget-heading\" data-id=\"b3db74b\" data-element_type=\"widget\" data-e-type=\"widget\" data-widget_type=\"heading.default\">\n\t\t\t\t<div class=\"elementor-widget-container\">\n\t\t\t\t\t<h6 class=\"elementor-heading-title elementor-size-default\">CountyCare cuenta con equipos de coordinaci\u00f3n de atenci\u00f3n especializados para ayudarlo.<\/h6>\t\t\t\t<\/div>\n\t\t\t\t<\/div>\n\t\t\t\t<\/div>\n\t\t\t\t\t<\/div>\n\t\t\t\t<\/div>\n\t\t<div class=\"elementor-element elementor-element-652de09 e-flex e-con-boxed e-con e-parent\" data-id=\"652de09\" data-element_type=\"container\" data-e-type=\"container\" data-settings=\"{&quot;background_background&quot;:&quot;classic&quot;,&quot;jet_parallax_layout_list&quot;:[]}\">\n\t\t\t\t\t<div class=\"e-con-inner\">\n\t\t\t\t<div class=\"elementor-element elementor-element-4bdb2f8 elementor-widget elementor-widget-text-editor\" data-id=\"4bdb2f8\" data-element_type=\"widget\" data-e-type=\"widget\" data-widget_type=\"text-editor.default\">\n\t\t\t\t<div class=\"elementor-widget-container\">\n\t\t\t\t\t\t\t\t\t<p>Si conoce el nombre y \/ o el n\u00famero de tel\u00e9fono de su coordinador de atenci\u00f3n, no dude en comunicarse con \u00e9l directamente.<br \/><span style=\"font-family: -apple-system, BlinkMacSystemFont, 'Segoe UI', Roboto, 'Helvetica Neue', Arial, 'Noto Sans', sans-serif, 'Apple Color Emoji', 'Segoe UI Emoji', 'Segoe UI Symbol', 'Noto Color Emoji';\">CountyCare members and providers may also call CountyCare Member Services at:<\/span><\/p>\t\t\t\t\t\t\t\t<\/div>\n\t\t\t\t<\/div>\n\t\t\t\t<div class=\"elementor-element elementor-element-edc7dc3 elementor-widget elementor-widget-text-editor\" data-id=\"edc7dc3\" data-element_type=\"widget\" data-e-type=\"widget\" data-widget_type=\"text-editor.default\">\n\t\t\t\t<div class=\"elementor-widget-container\">\n\t\t\t\t\t\t\t\t\t<h5 class=\"vc_custom_heading vc_do_custom_heading us_custom_b2f96ffe\">312-864-8200<br \/>855-444-1661 (l\u00ednea gratuita)<br \/>711 (TDD\/TTY)<\/h5>\t\t\t\t\t\t\t\t<\/div>\n\t\t\t\t<\/div>\n\t\t\t\t<div class=\"elementor-element elementor-element-eb6b883 elementor-widget elementor-widget-text-editor\" data-id=\"eb6b883\" data-element_type=\"widget\" data-e-type=\"widget\" data-widget_type=\"text-editor.default\">\n\t\t\t\t<div class=\"elementor-widget-container\">\n\t\t\t\t\t\t\t\t\t<h6>Tambi\u00e9n puede completar el\u00a0<a href=\"\/es\/referral-to-care-coordination\/\">Remisi\u00f3n a Coordinaci\u00f3n de atenci\u00f3n<\/a>\u00a0formulario y su coordinador de atenci\u00f3n se comunicar\u00e1 con usted directamente.<\/h6>\t\t\t\t\t\t\t\t<\/div>\n\t\t\t\t<\/div>\n\t\t\t\t\t<\/div>\n\t\t\t\t<\/div>\n\t\t\t\t<\/div>","protected":false},"excerpt":{"rendered":"<p>Find Your Care Coordinator Every CountyCare Member Can Receive Help from a Care Coordinator to: Answer questions about your treatment Set up transportation to health visits Help you manage a condition, like asthma or diabetes Understand your CountyCare benefits Get services when you leave the hospital \u00a0\u00a0 CountyCare has specialized care coordination teams to help [&hellip;]<\/p>\n","protected":false},"author":20,"featured_media":0,"parent":0,"menu_order":0,"comment_status":"closed","ping_status":"closed","template":"","meta":{"iawp_total_views":2496,"footnotes":""},"class_list":["post-23859","page","type-page","status-publish","hentry"],"_links":{"self":[{"href":"https:\/\/countycare.com\/es\/wp-json\/wp\/v2\/pages\/23859","targetHints":{"allow":["GET"]}}],"collection":[{"href":"https:\/\/countycare.com\/es\/wp-json\/wp\/v2\/pages"}],"about":[{"href":"https:\/\/countycare.com\/es\/wp-json\/wp\/v2\/types\/page"}],"author":[{"embeddable":true,"href":"https:\/\/countycare.com\/es\/wp-json\/wp\/v2\/users\/20"}],"replies":[{"embeddable":true,"href":"https:\/\/countycare.com\/es\/wp-json\/wp\/v2\/comments?post=23859"}],"version-history":[{"count":0,"href":"https:\/\/countycare.com\/es\/wp-json\/wp\/v2\/pages\/23859\/revisions"}],"wp:attachment":[{"href":"https:\/\/countycare.com\/es\/wp-json\/wp\/v2\/media?parent=23859"}],"curies":[{"name":"wp","href":"https:\/\/api.w.org\/{rel}","templated":true}]}}