{"id":25391,"date":"2025-07-16T14:57:25","date_gmt":"2025-07-16T19:57:25","guid":{"rendered":"https:\/\/countycare.com\/?page_id=25391"},"modified":"2026-04-01T14:55:04","modified_gmt":"2026-04-01T19:55:04","slug":"pay-for-performance-program","status":"publish","type":"page","link":"https:\/\/countycare.com\/es\/providers\/pay-for-performance-program\/","title":{"rendered":"Programa de pago por desempe\u00f1o"},"content":{"rendered":"<div data-elementor-type=\"wp-page\" data-elementor-id=\"25391\" class=\"elementor elementor-25391\" data-elementor-post-type=\"page\">\n\t\t\t\t<div class=\"elementor-element elementor-element-d8d5410 e-flex e-con-boxed e-con e-parent\" data-id=\"d8d5410\" data-element_type=\"container\" data-e-type=\"container\" data-settings=\"{&quot;background_background&quot;:&quot;classic&quot;,&quot;jet_parallax_layout_list&quot;:[]}\">\n\t\t\t\t\t<div class=\"e-con-inner\">\n\t\t\t\t<div class=\"elementor-element elementor-element-c275346 elementor-widget elementor-widget-heading\" data-id=\"c275346\" data-element_type=\"widget\" data-e-type=\"widget\" data-widget_type=\"heading.default\">\n\t\t\t\t<div class=\"elementor-widget-container\">\n\t\t\t\t\t<h2 class=\"elementor-heading-title elementor-size-default\">Pay-For-Performance (P4P) Program<\/h2>\t\t\t\t<\/div>\n\t\t\t\t<\/div>\n\t\t\t\t<div class=\"elementor-element elementor-element-d9fdfc4 elementor-widget elementor-widget-heading\" data-id=\"d9fdfc4\" data-element_type=\"widget\" data-e-type=\"widget\" data-widget_type=\"heading.default\">\n\t\t\t\t<div class=\"elementor-widget-container\">\n\t\t\t\t\t<p class=\"elementor-heading-title elementor-size-default\"><strong>CountyCare is pleased to offer providers a pay-for-performance (P4P) program in 2026.<\/strong> El programa P4P proporciona una estructura de bonificaci\u00f3n simple, enfocada y gratificante para un desempe\u00f1o de alta calidad.<\/p>\t\t\t\t<\/div>\n\t\t\t\t<\/div>\n\t\t\t\t\t<\/div>\n\t\t\t\t<\/div>\n\t\t<div class=\"elementor-element elementor-element-590aa0b e-flex e-con-boxed e-con e-parent\" data-id=\"590aa0b\" data-element_type=\"container\" data-e-type=\"container\" data-settings=\"{&quot;jet_parallax_layout_list&quot;:[]}\">\n\t\t\t\t\t<div class=\"e-con-inner\">\n\t\t\t\t<div class=\"elementor-element elementor-element-73f9fe9 elementor-widget elementor-widget-text-editor\" data-id=\"73f9fe9\" data-element_type=\"widget\" data-e-type=\"widget\" data-widget_type=\"text-editor.default\">\n\t\t\t\t<div class=\"elementor-widget-container\">\n\t\t\t\t\t\t\t\t\t<p>La <a href=\"https:\/\/countycare.com\/wp-content\/uploads\/CC_HEDIS_CodingBooklet2026_3.19.26.pdf\">HEDIS\u00ae Measure Reference Guide<\/a> provides a list of the applicable measures and compliant codes. <a href=\"https:\/\/countycare.com\/wp-content\/uploads\/CountyCare-Provider-P4P-MY2026-Table_FINAL_3926.pdf\">La tabla de referencia r\u00e1pida de medidas P4P<\/a>\u00a0proporciona una descripci\u00f3n general de alto nivel del programa.<\/p><p>Se espera que los proveedores de CountyCare brinden atenci\u00f3n de alta calidad, sigan las pautas de pr\u00e1ctica publicadas en el sitio web de CountyCare y promuevan la autogesti\u00f3n de los miembros mediante la obtenci\u00f3n de la atenci\u00f3n necesaria. Adem\u00e1s, la atenci\u00f3n proporcionada este a\u00f1o calendario a menudo respaldar\u00e1 el cumplimiento de la medida HEDIS del pr\u00f3ximo a\u00f1o, ya que la medici\u00f3n sigue per\u00edodos retrospectivos cl\u00ednicamente apropiados.<\/p>\t\t\t\t\t\t\t\t<\/div>\n\t\t\t\t<\/div>\n\t\t\t\t\t<\/div>\n\t\t\t\t<\/div>\n\t\t<div class=\"elementor-element elementor-element-ff1fa1d e-flex e-con-boxed e-con e-parent\" data-id=\"ff1fa1d\" data-element_type=\"container\" data-e-type=\"container\" data-settings=\"{&quot;jet_parallax_layout_list&quot;:[]}\">\n\t\t\t\t\t<div class=\"e-con-inner\">\n\t\t\t\t\t<\/div>\n\t\t\t\t<\/div>\n\t\t<div class=\"elementor-element elementor-element-69d3b4c e-con-full e-flex e-con e-child\" data-id=\"69d3b4c\" data-element_type=\"container\" data-e-type=\"container\" data-settings=\"{&quot;background_background&quot;:&quot;classic&quot;,&quot;jet_parallax_layout_list&quot;:[]}\">\n\t\t\t\t<div class=\"elementor-element elementor-element-1200483 elementor-widget elementor-widget-heading\" data-id=\"1200483\" data-element_type=\"widget\" data-e-type=\"widget\" data-widget_type=\"heading.default\">\n\t\t\t\t<div class=\"elementor-widget-container\">\n\t\t\t\t\t<h4 class=\"elementor-heading-title elementor-size-default\">Questions? We're here to help!<\/h4>\t\t\t\t<\/div>\n\t\t\t\t<\/div>\n\t\t\t\t<div class=\"elementor-element elementor-element-8c91a1e elementor-widget elementor-widget-text-editor\" data-id=\"8c91a1e\" data-element_type=\"widget\" data-e-type=\"widget\" data-widget_type=\"text-editor.default\">\n\t\t\t\t<div class=\"elementor-widget-container\">\n\t\t\t\t\t\t\t\t\t<p><strong>Email us at:<\/strong> <a href=\"mailto:countycareproviderservices@cookcountyhhs.org\">countycareproviderservices@cookcountyhhs.org<\/a><\/p><p><strong>Call us at:<\/strong>\u00a0<a href=\"tel:+13128648200\" target=\"_blank\" rel=\"noopener\">312-864-8200<\/a>\u00a0\/ <a href=\"tel:+18554441661\">855-444-1661<\/a> (toll-free) \/ 711 (TDD\/TTY)<br \/>Monday-Friday, 8am-5pm CST<\/p>\t\t\t\t\t\t\t\t<\/div>\n\t\t\t\t<\/div>\n\t\t\t\t<\/div>\n\t\t\t\t<\/div>","protected":false},"excerpt":{"rendered":"<p>Pay-For-Performance (P4P) Program CountyCare is pleased to offer providers a pay-for-performance (P4P) program in 2026. The P4P program provides a simple, focused, and rewarding bonus structure for high-quality performance. The HEDIS\u00ae Measure Reference Guide provides a list of the applicable measures and compliant codes. The P4P Measures Quick Reference Table\u00a0provides a high-level overview of the [&hellip;]<\/p>\n","protected":false},"author":28,"featured_media":9521,"parent":7365,"menu_order":0,"comment_status":"closed","ping_status":"closed","template":"","meta":{"iawp_total_views":2138,"footnotes":""},"class_list":["post-25391","page","type-page","status-publish","has-post-thumbnail","hentry"],"_links":{"self":[{"href":"https:\/\/countycare.com\/es\/wp-json\/wp\/v2\/pages\/25391","targetHints":{"allow":["GET"]}}],"collection":[{"href":"https:\/\/countycare.com\/es\/wp-json\/wp\/v2\/pages"}],"about":[{"href":"https:\/\/countycare.com\/es\/wp-json\/wp\/v2\/types\/page"}],"author":[{"embeddable":true,"href":"https:\/\/countycare.com\/es\/wp-json\/wp\/v2\/users\/28"}],"replies":[{"embeddable":true,"href":"https:\/\/countycare.com\/es\/wp-json\/wp\/v2\/comments?post=25391"}],"version-history":[{"count":0,"href":"https:\/\/countycare.com\/es\/wp-json\/wp\/v2\/pages\/25391\/revisions"}],"up":[{"embeddable":true,"href":"https:\/\/countycare.com\/es\/wp-json\/wp\/v2\/pages\/7365"}],"wp:featuredmedia":[{"embeddable":true,"href":"https:\/\/countycare.com\/es\/wp-json\/wp\/v2\/media\/9521"}],"wp:attachment":[{"href":"https:\/\/countycare.com\/es\/wp-json\/wp\/v2\/media?parent=25391"}],"curies":[{"name":"wp","href":"https:\/\/api.w.org\/{rel}","templated":true}]}}