{"id":7323,"date":"2020-10-14T13:16:46","date_gmt":"2020-10-14T18:16:46","guid":{"rendered":"https:\/\/countycare1.wpenginepowered.com\/?page_id=7323"},"modified":"2025-06-06T02:52:04","modified_gmt":"2025-06-06T07:52:04","slug":"prospective-members","status":"publish","type":"page","link":"https:\/\/countycare.com\/es\/prospective-members\/","title":{"rendered":"Miembros potenciales"},"content":{"rendered":"<div data-elementor-type=\"wp-page\" data-elementor-id=\"7323\" class=\"elementor elementor-7323\" data-elementor-post-type=\"page\">\n\t\t\t\t<div class=\"elementor-element elementor-element-b1de7f1 e-flex e-con-boxed e-con e-parent\" data-id=\"b1de7f1\" data-element_type=\"container\" data-settings=\"{&quot;jet_parallax_layout_list&quot;:[]}\">\n\t\t\t\t\t<div class=\"e-con-inner\">\n\t\t<div class=\"elementor-element elementor-element-edddad2 e-con-full e-flex e-con e-child\" data-id=\"edddad2\" data-element_type=\"container\" data-settings=\"{&quot;jet_parallax_layout_list&quot;:[]}\">\n\t\t\t\t<div class=\"elementor-element elementor-element-feb23b4 elementor-widget elementor-widget-heading\" data-id=\"feb23b4\" data-element_type=\"widget\" data-widget_type=\"heading.default\">\n\t\t\t\t<div class=\"elementor-widget-container\">\n\t\t\t\t\t<h1 class=\"elementor-heading-title elementor-size-default\">\u00bfEst\u00e1s pensando en unirte a CountyCare?<\/h1>\t\t\t\t<\/div>\n\t\t\t\t<\/div>\n\t\t\t\t<\/div>\n\t\t\t\t\t<\/div>\n\t\t\t\t<\/div>\n\t\t<div class=\"elementor-element elementor-element-a18740e e-flex e-con-boxed e-con e-parent\" data-id=\"a18740e\" data-element_type=\"container\" data-settings=\"{&quot;jet_parallax_layout_list&quot;:[]}\">\n\t\t\t\t\t<div class=\"e-con-inner\">\n\t\t<div class=\"elementor-element elementor-element-402392c e-con-full e-flex e-con e-child\" data-id=\"402392c\" data-element_type=\"container\" data-settings=\"{&quot;background_background&quot;:&quot;classic&quot;,&quot;jet_parallax_layout_list&quot;:[]}\">\n\t\t\t\t<\/div>\n\t\t\t\t\t<\/div>\n\t\t\t\t<\/div>\n\t\t<div class=\"elementor-element elementor-element-090937d e-flex e-con-boxed e-con e-parent\" data-id=\"090937d\" data-element_type=\"container\" data-settings=\"{&quot;jet_parallax_layout_list&quot;:[]}\">\n\t\t\t\t\t<div class=\"e-con-inner\">\n\t\t<div class=\"elementor-element elementor-element-82af151 e-con-full e-flex e-con e-child\" data-id=\"82af151\" data-element_type=\"container\" data-settings=\"{&quot;background_background&quot;:&quot;classic&quot;,&quot;jet_parallax_layout_list&quot;:[]}\">\n\t\t\t\t<div class=\"elementor-element elementor-element-f3028af elementor-widget elementor-widget-heading\" data-id=\"f3028af\" data-element_type=\"widget\" data-widget_type=\"heading.default\">\n\t\t\t\t<div class=\"elementor-widget-container\">\n\t\t\t\t\t<h4 class=\"elementor-heading-title elementor-size-default\">\u00bfPor qu\u00e9 elegir CountyCare?\n<\/h4>\t\t\t\t<\/div>\n\t\t\t\t<\/div>\n\t\t\t\t<div class=\"elementor-element elementor-element-be0a7d9 elementor-widget elementor-widget-text-editor\" data-id=\"be0a7d9\" data-element_type=\"widget\" data-widget_type=\"text-editor.default\">\n\t\t\t\t<div class=\"elementor-widget-container\">\n\t\t\t\t\t\t\t\t\t<p><span>If you are a current CountyCare member or\u00a0<\/span><a href=\"https:\/\/countycare.com\/wp-content\/uploads\/CC-NCQA-Marketing-Brochure_09.26.24v2.pdf\">thinking about becoming a\u00a0CountyCare member<\/a><span>, your health is our top priority. Our members have access to a wide range of health services and expert care at more than 6,600 primary care providers, 26,000 specialists and 70 hospitals throughout Cook County.<\/span><\/p><div class=\"wpb_text_column\"><div class=\"wpb_wrapper\"><p>Elegir CountyCare es elegir el plan que comprende.<\/p><\/div><\/div>\t\t\t\t\t\t\t\t<\/div>\n\t\t\t\t<\/div>\n\t\t\t\t<div class=\"elementor-element elementor-element-62fe987 learn-more-btn elementor-align-center elementor-widget elementor-widget-button\" data-id=\"62fe987\" data-element_type=\"widget\" data-widget_type=\"button.default\">\n\t\t\t\t<div class=\"elementor-widget-container\">\n\t\t\t\t\t\t\t\t\t<div class=\"elementor-button-wrapper\">\n\t\t\t\t\t<a class=\"elementor-button elementor-button-link elementor-size-sm\" href=\"https:\/\/countycare.com\/es\/about-25redesign\/#why-choose-countycare\">\n\t\t\t\t\t\t<span class=\"elementor-button-content-wrapper\">\n\t\t\t\t\t\t\t\t\t<span class=\"elementor-button-text\">\u00bfPor qu\u00e9 elegir a CountyCare?<\/span>\n\t\t\t\t\t<\/span>\n\t\t\t\t\t<\/a>\n\t\t\t\t<\/div>\n\t\t\t\t\t\t\t\t<\/div>\n\t\t\t\t<\/div>\n\t\t\t\t<\/div>\n\t\t\t\t\t<\/div>\n\t\t\t\t<\/div>\n\t\t<div class=\"elementor-element elementor-element-a68fca9 e-flex e-con-boxed e-con e-parent\" data-id=\"a68fca9\" data-element_type=\"container\" data-settings=\"{&quot;jet_parallax_layout_list&quot;:[]}\">\n\t\t\t\t\t<div class=\"e-con-inner\">\n\t\t<div class=\"elementor-element elementor-element-777a610 e-con-full e-flex e-con e-child\" data-id=\"777a610\" data-element_type=\"container\" data-settings=\"{&quot;jet_parallax_layout_list&quot;:[]}\">\n\t\t\t\t<div class=\"elementor-element elementor-element-03926f6 elementor-widget elementor-widget-image\" data-id=\"03926f6\" data-element_type=\"widget\" data-widget_type=\"image.default\">\n\t\t\t\t<div class=\"elementor-widget-container\">\n\t\t\t\t\t\t\t\t\t\t\t\t\t\t\t<img fetchpriority=\"high\" decoding=\"async\" width=\"626\" height=\"725\" src=\"https:\/\/countycare.com\/wp-content\/uploads\/CC_FEM_3.jpg\" class=\"attachment-large size-large wp-image-7869\" alt=\"A person with curly hair is smiling broadly, eyes closed, outdoors. They are wearing a black and white striped top and a necklace. The background is blurred with greenery and a body of water.\" srcset=\"https:\/\/countycare.com\/wp-content\/uploads\/CC_FEM_3.jpg 626w, https:\/\/countycare.com\/wp-content\/uploads\/CC_FEM_3-259x300.jpg 259w, https:\/\/countycare.com\/wp-content\/uploads\/CC_FEM_3-10x12.jpg 10w, https:\/\/countycare.com\/wp-content\/uploads\/CC_FEM_3-173x200.jpg 173w\" sizes=\"(max-width: 626px) 100vw, 626px\" \/>\t\t\t\t\t\t\t\t\t\t\t\t\t\t\t<\/div>\n\t\t\t\t<\/div>\n\t\t<div class=\"elementor-element elementor-element-799e1e0 e-con-full e-flex e-con e-child\" data-id=\"799e1e0\" data-element_type=\"container\" data-settings=\"{&quot;jet_parallax_layout_list&quot;:[]}\">\n\t\t\t\t<div class=\"elementor-element elementor-element-247546a elementor-widget elementor-widget-heading\" data-id=\"247546a\" data-element_type=\"widget\" data-widget_type=\"heading.default\">\n\t\t\t\t<div class=\"elementor-widget-container\">\n\t\t\t\t\t<h3 class=\"elementor-heading-title elementor-size-default\">C\u00f3mo inscribirse<\/h3>\t\t\t\t<\/div>\n\t\t\t\t<\/div>\n\t\t\t\t<div class=\"elementor-element elementor-element-2ac368e elementor-widget elementor-widget-text-editor\" data-id=\"2ac368e\" data-element_type=\"widget\" data-widget_type=\"text-editor.default\">\n\t\t\t\t<div class=\"elementor-widget-container\">\n\t\t\t\t\t\t\t\t\t<p>CountyCare es un plan de salud de atenci\u00f3n administrada de Illinois Medicaid sin costo. Obtenga la cobertura de atenci\u00f3n m\u00e9dica que necesita eligiendo CountyCare como su plan de salud cuando se inscribe en Medicaid.<\/p>\t\t\t\t\t\t\t\t<\/div>\n\t\t\t\t<\/div>\n\t\t\t\t<div class=\"elementor-element elementor-element-3623e67 elementor-mobile-align-center elementor-widget elementor-widget-button\" data-id=\"3623e67\" data-element_type=\"widget\" data-widget_type=\"button.default\">\n\t\t\t\t<div class=\"elementor-widget-container\">\n\t\t\t\t\t\t\t\t\t<div class=\"elementor-button-wrapper\">\n\t\t\t\t\t<a class=\"elementor-button elementor-button-link elementor-size-sm\" href=\"https:\/\/countycare.com\/es\/about-25redesign\/#how-to-enroll\" target=\"_blank\">\n\t\t\t\t\t\t<span class=\"elementor-button-content-wrapper\">\n\t\t\t\t\t\t\t\t\t<span class=\"elementor-button-text\">C\u00f3mo inscribirse<\/span>\n\t\t\t\t\t<\/span>\n\t\t\t\t\t<\/a>\n\t\t\t\t<\/div>\n\t\t\t\t\t\t\t\t<\/div>\n\t\t\t\t<\/div>\n\t\t\t\t<\/div>\n\t\t\t\t<\/div>\n\t\t<div class=\"elementor-element elementor-element-b12e955 e-con-full e-flex e-con e-child\" data-id=\"b12e955\" data-element_type=\"container\" data-settings=\"{&quot;jet_parallax_layout_list&quot;:[]}\">\n\t\t<div class=\"elementor-element elementor-element-f50f18e e-con-full e-flex e-con e-child\" data-id=\"f50f18e\" data-element_type=\"container\" data-settings=\"{&quot;jet_parallax_layout_list&quot;:[]}\">\n\t\t\t\t<div class=\"elementor-element elementor-element-ac4ed5d elementor-widget elementor-widget-heading\" data-id=\"ac4ed5d\" data-element_type=\"widget\" data-widget_type=\"heading.default\">\n\t\t\t\t<div class=\"elementor-widget-container\">\n\t\t\t\t\t<h3 class=\"elementor-heading-title elementor-size-default\">Medical Care <br>and Benefits<\/h3>\t\t\t\t<\/div>\n\t\t\t\t<\/div>\n\t\t\t\t<div class=\"elementor-element elementor-element-2fb046e elementor-widget elementor-widget-text-editor\" data-id=\"2fb046e\" data-element_type=\"widget\" data-widget_type=\"text-editor.default\">\n\t\t\t\t<div class=\"elementor-widget-container\">\n\t\t\t\t\t\t\t\t\t<div class=\"wpb_text_column\"><div class=\"wpb_wrapper\"><p>Con CountyCare, sin costo significa que no tendr\u00e1 copagos ni deducibles para recibir una amplia gama de servicios m\u00e9dicos. Su equipo de m\u00e9dicos, especialistas, coordinadores de atenci\u00f3n y m\u00e1s de CountyCare est\u00e1n aqu\u00ed para ayudarlo a mantener su salud por buen camino.<\/p><\/div><\/div>\t\t\t\t\t\t\t\t<\/div>\n\t\t\t\t<\/div>\n\t\t\t\t<div class=\"elementor-element elementor-element-48a45b0 elementor-mobile-align-center elementor-align-left elementor-widget elementor-widget-button\" data-id=\"48a45b0\" data-element_type=\"widget\" data-widget_type=\"button.default\">\n\t\t\t\t<div class=\"elementor-widget-container\">\n\t\t\t\t\t\t\t\t\t<div class=\"elementor-button-wrapper\">\n\t\t\t\t\t<a class=\"elementor-button elementor-button-link elementor-size-sm\" href=\"https:\/\/countycare.com\/es\/prospective-members\/medical-care-and-benefits\/\" target=\"_blank\">\n\t\t\t\t\t\t<span class=\"elementor-button-content-wrapper\">\n\t\t\t\t\t\t\t\t\t<span class=\"elementor-button-text\">Atenci\u00f3n m\u00e9dica y beneficios<\/span>\n\t\t\t\t\t<\/span>\n\t\t\t\t\t<\/a>\n\t\t\t\t<\/div>\n\t\t\t\t\t\t\t\t<\/div>\n\t\t\t\t<\/div>\n\t\t\t\t<\/div>\n\t\t\t\t<div class=\"elementor-element elementor-element-c60f4fa elementor-widget elementor-widget-image\" data-id=\"c60f4fa\" data-element_type=\"widget\" data-widget_type=\"image.default\">\n\t\t\t\t<div class=\"elementor-widget-container\">\n\t\t\t\t\t\t\t\t\t\t\t\t\t\t\t<img decoding=\"async\" width=\"800\" height=\"800\" src=\"https:\/\/countycare.com\/wp-content\/uploads\/GettyImages-1047652486-scaled-e1607464527268-1024x1024.jpg\" class=\"attachment-large size-large wp-image-9135\" alt=\"A smiling woman with her hair in a bun sits closely with two young boys on a red slide at a playground. The older boy in a blue shirt holds her arm, while the younger boy in a striped shirt leans against her. They all appear joyful and relaxed.\" srcset=\"https:\/\/countycare.com\/wp-content\/uploads\/GettyImages-1047652486-scaled-e1607464527268-1024x1024.jpg 1024w, https:\/\/countycare.com\/wp-content\/uploads\/GettyImages-1047652486-scaled-e1607464527268-300x300.jpg 300w, https:\/\/countycare.com\/wp-content\/uploads\/GettyImages-1047652486-scaled-e1607464527268-150x150.jpg 150w, https:\/\/countycare.com\/wp-content\/uploads\/GettyImages-1047652486-scaled-e1607464527268-500x500.jpg 500w, https:\/\/countycare.com\/wp-content\/uploads\/GettyImages-1047652486-scaled-e1607464527268-12x12.jpg 12w, https:\/\/countycare.com\/wp-content\/uploads\/GettyImages-1047652486-scaled-e1607464527268-1080x1080.jpg 1080w, https:\/\/countycare.com\/wp-content\/uploads\/GettyImages-1047652486-scaled-e1607464527268.jpg 1702w\" sizes=\"(max-width: 800px) 100vw, 800px\" \/>\t\t\t\t\t\t\t\t\t\t\t\t\t\t\t<\/div>\n\t\t\t\t<\/div>\n\t\t\t\t<\/div>\n\t\t\t\t\t<\/div>\n\t\t\t\t<\/div>\n\t\t\t\t<\/div>","protected":false},"excerpt":{"rendered":"<p>Thinking About CountyCare? Why Choose CountyCare? If you are a current CountyCare member or\u00a0thinking about becoming a\u00a0CountyCare member, your health is our top priority. Our members have access to a wide range of health services and expert care at more than 6,600 primary care providers, 26,000 specialists and 70 hospitals throughout Cook County. Choosing CountyCare [&hellip;]<\/p>\n","protected":false},"author":1,"featured_media":9549,"parent":0,"menu_order":0,"comment_status":"closed","ping_status":"closed","template":"elementor_header_footer","meta":{"iawp_total_views":9,"footnotes":""},"class_list":["post-7323","page","type-page","status-publish","has-post-thumbnail","hentry"],"_links":{"self":[{"href":"https:\/\/countycare.com\/es\/wp-json\/wp\/v2\/pages\/7323","targetHints":{"allow":["GET"]}}],"collection":[{"href":"https:\/\/countycare.com\/es\/wp-json\/wp\/v2\/pages"}],"about":[{"href":"https:\/\/countycare.com\/es\/wp-json\/wp\/v2\/types\/page"}],"author":[{"embeddable":true,"href":"https:\/\/countycare.com\/es\/wp-json\/wp\/v2\/users\/1"}],"replies":[{"embeddable":true,"href":"https:\/\/countycare.com\/es\/wp-json\/wp\/v2\/comments?post=7323"}],"version-history":[{"count":0,"href":"https:\/\/countycare.com\/es\/wp-json\/wp\/v2\/pages\/7323\/revisions"}],"wp:featuredmedia":[{"embeddable":true,"href":"https:\/\/countycare.com\/es\/wp-json\/wp\/v2\/media\/9549"}],"wp:attachment":[{"href":"https:\/\/countycare.com\/es\/wp-json\/wp\/v2\/media?parent=7323"}],"curies":[{"name":"wp","href":"https:\/\/api.w.org\/{rel}","templated":true}]}}