{"id":7419,"date":"2020-10-21T09:59:41","date_gmt":"2020-10-21T14:59:41","guid":{"rendered":"https:\/\/countycare1.wpenginepowered.com\/?page_id=7419"},"modified":"2026-03-03T14:40:37","modified_gmt":"2026-03-03T20:40:37","slug":"preferred-drug-list","status":"publish","type":"page","link":"https:\/\/countycare.com\/es\/providers\/preferred-drug-list\/","title":{"rendered":"Lista de farmacias y medicamentos preferidos"},"content":{"rendered":"<div data-elementor-type=\"wp-page\" data-elementor-id=\"7419\" class=\"elementor elementor-7419\" data-elementor-post-type=\"page\">\n\t\t\t\t<div class=\"elementor-element elementor-element-5cabb7a e-flex e-con-boxed e-con e-parent\" data-id=\"5cabb7a\" data-element_type=\"container\" data-e-type=\"container\" data-settings=\"{&quot;background_background&quot;:&quot;classic&quot;,&quot;jet_parallax_layout_list&quot;:[]}\">\n\t\t\t\t\t<div class=\"e-con-inner\">\n\t\t\t\t<div class=\"elementor-element elementor-element-ca85970 elementor-widget elementor-widget-heading\" data-id=\"ca85970\" data-element_type=\"widget\" data-e-type=\"widget\" data-widget_type=\"heading.default\">\n\t\t\t\t<div class=\"elementor-widget-container\">\n\t\t\t\t\t<h1 class=\"elementor-heading-title elementor-size-default\">Lista de farmacias y medicamentos preferidos\n<\/h1>\t\t\t\t<\/div>\n\t\t\t\t<\/div>\n\t\t\t\t<div class=\"elementor-element elementor-element-243b468 elementor-widget elementor-widget-text-editor\" data-id=\"243b468\" data-element_type=\"widget\" data-e-type=\"widget\" data-widget_type=\"text-editor.default\">\n\t\t\t\t<div class=\"elementor-widget-container\">\n\t\t\t\t\t\t\t\t\t<h5 class=\"vc_custom_heading vc_do_custom_heading us_custom_4e55af8d\">CountyCare mantiene una Lista de medicamentos preferidos (PDL), la misma PDL que HealthChoice Illinois y todos los planes de salud de Medicaid en Illinois.<\/h5>\t\t\t\t\t\t\t\t<\/div>\n\t\t\t\t<\/div>\n\t\t\t\t\t<\/div>\n\t\t\t\t<\/div>\n\t\t<div class=\"elementor-element elementor-element-6ce8621 e-grid e-con-boxed e-con e-parent\" data-id=\"6ce8621\" data-element_type=\"container\" data-e-type=\"container\" data-settings=\"{&quot;jet_parallax_layout_list&quot;:[]}\">\n\t\t\t\t\t<div class=\"e-con-inner\">\n\t\t<div class=\"elementor-element elementor-element-38f4cd9 e-con-full e-flex e-con e-child\" data-id=\"38f4cd9\" data-element_type=\"container\" data-e-type=\"container\" data-settings=\"{&quot;background_background&quot;:&quot;classic&quot;,&quot;jet_parallax_layout_list&quot;:[]}\">\n\t\t\t\t<div class=\"elementor-element elementor-element-aca9162 elementor-widget elementor-widget-heading\" data-id=\"aca9162\" data-element_type=\"widget\" data-e-type=\"widget\" data-widget_type=\"heading.default\">\n\t\t\t\t<div class=\"elementor-widget-container\">\n\t\t\t\t\t<h5 class=\"elementor-heading-title elementor-size-default\">Lista de medicamentos preferidos de CountyCare Health Plan<\/h5>\t\t\t\t<\/div>\n\t\t\t\t<\/div>\n\t\t\t\t<div class=\"elementor-element elementor-element-c0fd311 elementor-widget elementor-widget-text-editor\" data-id=\"c0fd311\" data-element_type=\"widget\" data-e-type=\"widget\" data-widget_type=\"text-editor.default\">\n\t\t\t\t<div class=\"elementor-widget-container\">\n\t\t\t\t\t\t\t\t\t<p>The CountyCare PDL, also known as the Formulary, includes a wide variety of generic and brand name drugs. Clinicians are encouraged to prescribe from the CountyCare PDL for their patients who are members of CountyCare.<\/p>\t\t\t\t\t\t\t\t<\/div>\n\t\t\t\t<\/div>\n\t\t\t\t<div class=\"elementor-element elementor-element-44f3124 elementor-widget elementor-widget-button\" data-id=\"44f3124\" data-element_type=\"widget\" data-e-type=\"widget\" data-widget_type=\"button.default\">\n\t\t\t\t<div class=\"elementor-widget-container\">\n\t\t\t\t\t\t\t\t\t<div class=\"elementor-button-wrapper\">\n\t\t\t\t\t<a class=\"elementor-button elementor-button-link elementor-size-sm\" href=\"https:\/\/countycare.com\/wp-content\/uploads\/FormularyDocument_Q1_2026_Final_2.26.2026.pdf\">\n\t\t\t\t\t\t<span class=\"elementor-button-content-wrapper\">\n\t\t\t\t\t\t\t\t\t<span class=\"elementor-button-text\">Ver la lista completa de medicamentos preferidos de CountyCare<\/span>\n\t\t\t\t\t<\/span>\n\t\t\t\t\t<\/a>\n\t\t\t\t<\/div>\n\t\t\t\t\t\t\t\t<\/div>\n\t\t\t\t<\/div>\n\t\t\t\t<\/div>\n\t\t<div class=\"elementor-element elementor-element-583dc33 e-con-full e-flex e-con e-child\" data-id=\"583dc33\" data-element_type=\"container\" data-e-type=\"container\" data-settings=\"{&quot;background_background&quot;:&quot;classic&quot;,&quot;jet_parallax_layout_list&quot;:[]}\">\n\t\t\t\t<div class=\"elementor-element elementor-element-b3bf20d elementor-widget elementor-widget-heading\" data-id=\"b3bf20d\" data-element_type=\"widget\" data-e-type=\"widget\" data-widget_type=\"heading.default\">\n\t\t\t\t<div class=\"elementor-widget-container\">\n\t\t\t\t\t<h5 class=\"elementor-heading-title elementor-size-default\">Formulario de Medicaid<\/h5>\t\t\t\t<\/div>\n\t\t\t\t<\/div>\n\t\t\t\t<div class=\"elementor-element elementor-element-0e728eb elementor-align-center elementor-widget elementor-widget-button\" data-id=\"0e728eb\" data-element_type=\"widget\" data-e-type=\"widget\" data-widget_type=\"button.default\">\n\t\t\t\t<div class=\"elementor-widget-container\">\n\t\t\t\t\t\t\t\t\t<div class=\"elementor-button-wrapper\">\n\t\t\t\t\t<a class=\"elementor-button elementor-button-link elementor-size-sm\" href=\"https:\/\/www.caremark.com\/wps\/portal\/.cmd\/el?id=cctk2y14cr_1&#038;cmxtarget=CHECK_DRUG_COST_FAST&#038;newLogin=yes&#038;returnURL=http:\/\/www.caremark.com\/close.html\" target=\"_blank\" rel=\"noopener\">\n\t\t\t\t\t\t<span class=\"elementor-button-content-wrapper\">\n\t\t\t\t\t\t\t\t\t<span class=\"elementor-button-text\">Herramienta de b\u00fasqueda de formulario<\/span>\n\t\t\t\t\t<\/span>\n\t\t\t\t\t<\/a>\n\t\t\t\t<\/div>\n\t\t\t\t\t\t\t\t<\/div>\n\t\t\t\t<\/div>\n\t\t\t\t<div class=\"elementor-element elementor-element-e3cd0e1 elementor-widget elementor-widget-text-editor\" data-id=\"e3cd0e1\" data-element_type=\"widget\" data-e-type=\"widget\" data-widget_type=\"text-editor.default\">\n\t\t\t\t<div class=\"elementor-widget-container\">\n\t\t\t\t\t\t\t\t\t<p>Tambi\u00e9n puede descargar un\u00a0<a href=\"https:\/\/countycare.com\/wp-content\/uploads\/FormularyDocument_Q1_2026_Final_2.26.2026.pdf\">Formulario de Medicaid (PDF)<\/a>\u00a0o solicite una copia impresa llamando a Servicios para Miembros al 312-864-8200.<\/p>\t\t\t\t\t\t\t\t<\/div>\n\t\t\t\t<\/div>\n\t\t\t\t<\/div>\n\t\t<div class=\"elementor-element elementor-element-2799898 e-con-full e-flex e-con e-child\" data-id=\"2799898\" data-element_type=\"container\" data-e-type=\"container\" data-settings=\"{&quot;background_background&quot;:&quot;classic&quot;,&quot;jet_parallax_layout_list&quot;:[]}\">\n\t\t\t\t<div class=\"elementor-element elementor-element-ec6eb56 elementor-widget elementor-widget-heading\" data-id=\"ec6eb56\" data-element_type=\"widget\" data-e-type=\"widget\" data-widget_type=\"heading.default\">\n\t\t\t\t<div class=\"elementor-widget-container\">\n\t\t\t\t\t<h5 class=\"elementor-heading-title elementor-size-default\">Calculadoras de farmacia<\/h5>\t\t\t\t<\/div>\n\t\t\t\t<\/div>\n\t\t\t\t<div class=\"elementor-element elementor-element-358c0f8 elementor-widget elementor-widget-text-editor\" data-id=\"358c0f8\" data-element_type=\"widget\" data-e-type=\"widget\" data-widget_type=\"text-editor.default\">\n\t\t\t\t<div class=\"elementor-widget-container\">\n\t\t\t\t\t\t\t\t\t<p>Por favor use esto\u00a0<a href=\"https:\/\/globalrph.com\/medcalcs\/morphine-equivalent-dose-med-opioid-conversions\/\" target=\"_blank\" rel=\"noopener noreferrer\">Calculadora MED<\/a>\u00a0para calcular los equivalentes de miligramos de morfina diarios totales.<\/p>\t\t\t\t\t\t\t\t<\/div>\n\t\t\t\t<\/div>\n\t\t\t\t<div class=\"elementor-element elementor-element-1f81ada elementor-align-center elementor-widget elementor-widget-button\" data-id=\"1f81ada\" data-element_type=\"widget\" data-e-type=\"widget\" data-widget_type=\"button.default\">\n\t\t\t\t<div class=\"elementor-widget-container\">\n\t\t\t\t\t\t\t\t\t<div class=\"elementor-button-wrapper\">\n\t\t\t\t\t<a class=\"elementor-button elementor-button-link elementor-size-sm\" href=\"https:\/\/globalrph.com\/medcalcs\/morphine-equivalent-dose-med-opioid-conversions\/\" target=\"_blank\" rel=\"noopener\">\n\t\t\t\t\t\t<span class=\"elementor-button-content-wrapper\">\n\t\t\t\t\t\t\t\t\t<span class=\"elementor-button-text\">Calculadora MED<\/span>\n\t\t\t\t\t<\/span>\n\t\t\t\t\t<\/a>\n\t\t\t\t<\/div>\n\t\t\t\t\t\t\t\t<\/div>\n\t\t\t\t<\/div>\n\t\t\t\t<\/div>\n\t\t\t\t\t<\/div>\n\t\t\t\t<\/div>\n\t\t<div class=\"elementor-element elementor-element-0d31a9a e-flex e-con-boxed e-con e-parent\" data-id=\"0d31a9a\" data-element_type=\"container\" data-e-type=\"container\" data-settings=\"{&quot;jet_parallax_layout_list&quot;:[]}\">\n\t\t\t\t\t<div class=\"e-con-inner\">\n\t\t\t\t<div class=\"elementor-element elementor-element-8b3d507 elementor-widget elementor-widget-text-editor\" data-id=\"8b3d507\" data-element_type=\"widget\" data-e-type=\"widget\" data-widget_type=\"text-editor.default\">\n\t\t\t\t<div class=\"elementor-widget-container\">\n\t\t\t\t\t\t\t\t\t<section id=\"prior-authorizations\" class=\"l-section wpb_row height_small\"><div class=\"l-section-h i-cf\"><div class=\"g-cols vc_row via_flex valign_top type_default stacking_default\"><div class=\"vc_col-sm-10 wpb_column vc_column_container\"><div class=\"vc_column-inner\"><div class=\"wpb_wrapper\"><div class=\"wpb_text_column\"><div class=\"wpb_wrapper\"><p>CountyCare trabaja con CVS Caremark para administrar los beneficios de farmacia, incluida la farmacia\u00a0<a href=\"https:\/\/countycare.com\/es\/providers\/prior-authorizations\/\">previa autorizaci\u00f3n<\/a>\u00a0proceso. CountyCare requiere\u00a0<a href=\"https:\/\/countycare.com\/es\/providers\/prior-authorizations\/\">previa autorizaci\u00f3n<\/a>\u00a0para medicamentos seleccionados en la PDL, as\u00ed como para TODOS los medicamentos que no est\u00e1n en la PDL. La PDL indica qu\u00e9 medicamentos requieren\u00a0<a href=\"https:\/\/countycare.com\/es\/providers\/prior-authorizations\/\">previa autorizaci\u00f3n<\/a>. La mayor\u00eda de los medicamentos especializados no est\u00e1n en la PDL y requieren autorizaci\u00f3n previa como se describe a continuaci\u00f3n.<\/p><p>Siga estos pasos para un procesamiento eficiente de su farmacia\u00a0<a href=\"https:\/\/countycare.com\/es\/providers\/prior-authorizations\/\">previa autorizaci\u00f3n<\/a>\u00a0peticiones:<\/p><ol><li>Complete y env\u00ede el formulario en l\u00ednea\u00a0<a href=\"https:\/\/www.caremark.com\/wps\/portal\/HEALTH_PRO_PRIOR_AUTH_INFO\" target=\"_blank\" rel=\"noopener\">Formulario de solicitud de medicaci\u00f3n<\/a>\u00a0or fax the printed Caremark\u00a0<a href=\"https:\/\/www.caremark.com\/portal\/asset\/Medicaid_PA_request_form.pdf\" target=\"_blank\" rel=\"noopener\">Formulario de solicitud de medicaci\u00f3n<\/a>\u00a0o\u00a0<a href=\"https:\/\/countycare.com\/wp-content\/uploads\/HFS-Medicaid-Pharmacy-Prior-Authorization-Request-Form_5.6.24.pdf\">Universal PA Form<\/a>\u00a0to 1-866-255-7569. Include detailed clinical information that will help CVS Caremark understand the need for the drug being requested.<\/li><li>Env\u00ede un fax a CVS Caremark al 1-866-255-7569.<\/li><li>Una vez aprobado, CVS Caremark notifica al m\u00e9dico por fax y al miembro por carta.<\/li><li class=\"nitro-offscreen\">Para solicitudes urgentes o fuera del horario de atenci\u00f3n, una farmacia puede proporcionar un suministro de la mayor\u00eda de los medicamentos para hasta 72 horas llamando a la mesa de ayuda de farmacias de CVS Caremark al: 1-800-364-6331.<\/li><li class=\"nitro-offscreen\">Todas las solicitudes de autorizaci\u00f3n previa de farmacia para miembros de CountyCare deben enviarse a CVS Caremark.<\/li><\/ol><\/div><\/div><\/div><\/div><\/div><div class=\"vc_col-sm-1 wpb_column vc_column_container\"><div class=\"vc_column-inner\"><div class=\"wpb_wrapper\">\u00a0<\/div><\/div><\/div><\/div><\/div><\/section><section class=\"l-section wpb_row height_small nitro-offscreen\"><div class=\"l-section-h i-cf\"><div class=\"g-cols vc_row via_flex valign_top type_default stacking_default\"><div class=\"vc_col-sm-12 wpb_column vc_column_container\"><div class=\"vc_column-inner\"><div class=\"wpb_wrapper\"><div class=\"wpb_text_column\"><div class=\"wpb_wrapper\"><p>Para preguntas relacionadas con la farmacia, env\u00ede un correo electr\u00f3nico\u00a0<a href=\"mailto:CountyCarePharmacy@cookcountyhhs.org\">CountyCarePharmacy@cookcountyhhs.org<\/a>. The CountyCare Pharmacy Help Desk is available 24 hours a day, 7 days a week at\u00a0<strong>1-833-845-4702<\/strong>\u00a0to help you process your prescriptions.<\/p><p>Si tiene preguntas relacionadas con los miembros, p\u00eddales que se comuniquen con Servicios para Miembros de CountyCare al 312-864-8200.<\/p><\/div><\/div><\/div><\/div><\/div><\/div><\/div><\/section>\t\t\t\t\t\t\t\t<\/div>\n\t\t\t\t<\/div>\n\t\t\t\t\t<\/div>\n\t\t\t\t<\/div>\n\t\t\t\t<\/div>","protected":false},"excerpt":{"rendered":"<p>Pharmacy and Preferred Drug List CountyCare maintains a Preferred Drug List (PDL), the same PDL as HealthChoice Illinois and all Medicaid Health Plans in Illinois. CountyCare Health Plan Preferred Drug List The CountyCare PDL, also known as the Formulary, includes a wide variety of generic and brand name drugs. Clinicians are encouraged to prescribe from [&hellip;]<\/p>\n","protected":false},"author":1,"featured_media":9521,"parent":7365,"menu_order":0,"comment_status":"closed","ping_status":"closed","template":"","meta":{"iawp_total_views":6006,"footnotes":""},"class_list":["post-7419","page","type-page","status-publish","has-post-thumbnail","hentry"],"_links":{"self":[{"href":"https:\/\/countycare.com\/es\/wp-json\/wp\/v2\/pages\/7419","targetHints":{"allow":["GET"]}}],"collection":[{"href":"https:\/\/countycare.com\/es\/wp-json\/wp\/v2\/pages"}],"about":[{"href":"https:\/\/countycare.com\/es\/wp-json\/wp\/v2\/types\/page"}],"author":[{"embeddable":true,"href":"https:\/\/countycare.com\/es\/wp-json\/wp\/v2\/users\/1"}],"replies":[{"embeddable":true,"href":"https:\/\/countycare.com\/es\/wp-json\/wp\/v2\/comments?post=7419"}],"version-history":[{"count":0,"href":"https:\/\/countycare.com\/es\/wp-json\/wp\/v2\/pages\/7419\/revisions"}],"up":[{"embeddable":true,"href":"https:\/\/countycare.com\/es\/wp-json\/wp\/v2\/pages\/7365"}],"wp:featuredmedia":[{"embeddable":true,"href":"https:\/\/countycare.com\/es\/wp-json\/wp\/v2\/media\/9521"}],"wp:attachment":[{"href":"https:\/\/countycare.com\/es\/wp-json\/wp\/v2\/media?parent=7419"}],"curies":[{"name":"wp","href":"https:\/\/api.w.org\/{rel}","templated":true}]}}