{"id":7531,"date":"2020-10-21T14:39:44","date_gmt":"2020-10-21T19:39:44","guid":{"rendered":"https:\/\/countycare1.wpenginepowered.com\/?page_id=7531"},"modified":"2026-02-27T15:50:01","modified_gmt":"2026-02-27T21:50:01","slug":"business-enterprise-program","status":"publish","type":"page","link":"https:\/\/countycare.com\/es\/business-enterprise-program\/","title":{"rendered":"Programa Empresarial"},"content":{"rendered":"<div data-elementor-type=\"wp-page\" data-elementor-id=\"7531\" class=\"elementor elementor-7531\" data-elementor-post-type=\"page\">\n\t\t\t\t<div class=\"elementor-element elementor-element-40523fcf e-flex e-con-boxed e-con e-parent\" data-id=\"40523fcf\" data-element_type=\"container\" data-e-type=\"container\" data-settings=\"{&quot;background_background&quot;:&quot;classic&quot;,&quot;jet_parallax_layout_list&quot;:[]}\">\n\t\t\t\t\t<div class=\"e-con-inner\">\n\t\t\t\t<div class=\"elementor-element elementor-element-536ef03 elementor-widget elementor-widget-heading\" data-id=\"536ef03\" data-element_type=\"widget\" data-e-type=\"widget\" data-widget_type=\"heading.default\">\n\t\t\t\t<div class=\"elementor-widget-container\">\n\t\t\t\t\t<h1 class=\"elementor-heading-title elementor-size-default\">Programa de empresas comerciales (BEP)\n<\/h1>\t\t\t\t<\/div>\n\t\t\t\t<\/div>\n\t\t\t\t\t<\/div>\n\t\t\t\t<\/div>\n\t\t<div class=\"elementor-element elementor-element-b9dc075 e-flex e-con-boxed e-con e-parent\" data-id=\"b9dc075\" data-element_type=\"container\" data-e-type=\"container\" data-settings=\"{&quot;jet_parallax_layout_list&quot;:[]}\">\n\t\t\t\t\t<div class=\"e-con-inner\">\n\t\t<div class=\"elementor-element elementor-element-7fd74e8 e-con-full e-flex e-con e-child\" data-id=\"7fd74e8\" data-element_type=\"container\" data-e-type=\"container\" data-settings=\"{&quot;jet_parallax_layout_list&quot;:[]}\">\n\t\t\t\t<div class=\"elementor-element elementor-element-8485f09 elementor-widget elementor-widget-heading\" data-id=\"8485f09\" data-element_type=\"widget\" data-e-type=\"widget\" data-widget_type=\"heading.default\">\n\t\t\t\t<div class=\"elementor-widget-container\">\n\t\t\t\t\t<h4 class=\"elementor-heading-title elementor-size-default\">Minor\u00edas\/Mujeres\/Veteranos\/\nVeteranos discapacitados de servicio\/Persona con una discapacidad Empresas comerciales propiedad\n<\/h4>\t\t\t\t<\/div>\n\t\t\t\t<\/div>\n\t\t\t\t<\/div>\n\t\t\t\t\t<\/div>\n\t\t\t\t<\/div>\n\t\t<div class=\"elementor-element elementor-element-f7ab7d6 e-flex e-con-boxed e-con e-parent\" data-id=\"f7ab7d6\" data-element_type=\"container\" data-e-type=\"container\" data-settings=\"{&quot;jet_parallax_layout_list&quot;:[]}\">\n\t\t\t\t\t<div class=\"e-con-inner\">\n\t\t<div class=\"elementor-element elementor-element-943d0bc e-con-full e-flex e-con e-child\" data-id=\"943d0bc\" data-element_type=\"container\" data-e-type=\"container\" data-settings=\"{&quot;jet_parallax_layout_list&quot;:[]}\">\n\t\t\t\t<div class=\"elementor-element elementor-element-545f4b4 elementor-widget elementor-widget-image\" data-id=\"545f4b4\" data-element_type=\"widget\" data-e-type=\"widget\" data-widget_type=\"image.default\">\n\t\t\t\t<div class=\"elementor-widget-container\">\n\t\t\t\t\t\t\t\t\t\t\t\t\t\t\t<img fetchpriority=\"high\" decoding=\"async\" width=\"800\" height=\"770\" src=\"https:\/\/countycare.com\/wp-content\/uploads\/GettyImages-935639422-scaled-e1607465110243-1024x985.jpg\" class=\"attachment-large size-large wp-image-9130\" alt=\"A woman in a white blouse is smiling and shaking hands with another person. They are standing in a bright room with large windows in the background.\" srcset=\"https:\/\/countycare.com\/wp-content\/uploads\/GettyImages-935639422-scaled-e1607465110243-1024x985.jpg 1024w, https:\/\/countycare.com\/wp-content\/uploads\/GettyImages-935639422-scaled-e1607465110243-300x289.jpg 300w, https:\/\/countycare.com\/wp-content\/uploads\/GettyImages-935639422-scaled-e1607465110243-12x12.jpg 12w, https:\/\/countycare.com\/wp-content\/uploads\/GettyImages-935639422-scaled-e1607465110243-1123x1080.jpg 1123w, https:\/\/countycare.com\/wp-content\/uploads\/GettyImages-935639422-scaled-e1607465110243.jpg 1331w\" sizes=\"(max-width: 800px) 100vw, 800px\" \/>\t\t\t\t\t\t\t\t\t\t\t\t\t\t\t<\/div>\n\t\t\t\t<\/div>\n\t\t\t\t<\/div>\n\t\t<div class=\"elementor-element elementor-element-0790e6c e-con-full e-flex e-con e-child\" data-id=\"0790e6c\" data-element_type=\"container\" data-e-type=\"container\" data-settings=\"{&quot;jet_parallax_layout_list&quot;:[]}\">\n\t\t\t\t<div class=\"elementor-element elementor-element-6ec9975 elementor-widget elementor-widget-text-editor\" data-id=\"6ec9975\" data-element_type=\"widget\" data-e-type=\"widget\" data-widget_type=\"text-editor.default\">\n\t\t\t\t<div class=\"elementor-widget-container\">\n\t\t\t\t\t\t\t\t\t<p>CountyCare debe cumplir con ciertos objetivos de subcontrataci\u00f3n de BEP. Se anima a las empresas locales propiedad de minor\u00edas, propiedad de mujeres, propiedad de veteranos, propiedad de veteranos discapacitados en servicio, propiedad de personas con una discapacidad a que presenten ofertas para los contratos de salud del condado de Cook.<\/p><p>La utilizaci\u00f3n del Condado para contratos de trabajo no p\u00fablicos es del 25 por ciento para empresas comerciales de minor\u00edas y del 10 por ciento para empresas comerciales de mujeres; y se aplica a oportunidades de contrato para $25,000 y m\u00e1s. Adem\u00e1s, el condado aspira a una meta anual de \u201cmejores esfuerzos\u201d de participaci\u00f3n de empresas de clase protegida del 35 por ciento para el total de servicios profesionales y servicios de consultor\u00eda utilizados por el condado. El condado de Cook tambi\u00e9n ofrece una preferencia de oferta del 5 por ciento para el condado de Cook y \/ o empresas comerciales propiedad de veteranos certificados y de veteranos discapacitados en servicio.<\/p><p>Minority-owned, women-owned, veteran-owned, service disabled veteran-owned, person with a disability-owned businesses are encouraged to contact the Cook County Office of Contract Compliance at <a href=\"http:\/\/tel:+13126035502\">(312) 603-5502<\/a> for more information on the County\u2019s Business Enterprises certificate program.<\/p>\t\t\t\t\t\t\t\t<\/div>\n\t\t\t\t<\/div>\n\t\t\t\t<div class=\"elementor-element elementor-element-be00f74 elementor-widget elementor-widget-heading\" data-id=\"be00f74\" data-element_type=\"widget\" data-e-type=\"widget\" data-widget_type=\"heading.default\">\n\t\t\t\t<div class=\"elementor-widget-container\">\n\t\t\t\t\t<h5 class=\"elementor-heading-title elementor-size-default\">Plan de compra de CountyCare<\/h5>\t\t\t\t<\/div>\n\t\t\t\t<\/div>\n\t\t\t\t<div class=\"elementor-element elementor-element-b70cb92 elementor-widget elementor-widget-text-editor\" data-id=\"b70cb92\" data-element_type=\"widget\" data-e-type=\"widget\" data-widget_type=\"text-editor.default\">\n\t\t\t\t<div class=\"elementor-widget-container\">\n\t\t\t\t\t\t\t\t\t<p>For more information on CountyCare planned requests for proposal and to access the 2025 CountyCare Buying Plan, click <a href=\"https:\/\/countycare.com\/wp-content\/uploads\/Supplier-Diversity_Health-Equity_Buying-Plan_022726.pdf\">aqu\u00ed.<\/a><\/p>\t\t\t\t\t\t\t\t<\/div>\n\t\t\t\t<\/div>\n\t\t\t\t<\/div>\n\t\t\t\t\t<\/div>\n\t\t\t\t<\/div>\n\t\t<div class=\"elementor-element elementor-element-c289f75 e-grid e-con-boxed e-con e-parent\" data-id=\"c289f75\" data-element_type=\"container\" data-e-type=\"container\" data-settings=\"{&quot;jet_parallax_layout_list&quot;:[]}\">\n\t\t\t\t\t<div class=\"e-con-inner\">\n\t\t<div class=\"elementor-element elementor-element-a199193 e-con-full e-flex e-con e-child\" data-id=\"a199193\" data-element_type=\"container\" data-e-type=\"container\" data-settings=\"{&quot;background_background&quot;:&quot;classic&quot;,&quot;jet_parallax_layout_list&quot;:[]}\">\n\t\t\t\t<div class=\"elementor-element elementor-element-4a15481 elementor-widget elementor-widget-text-editor\" data-id=\"4a15481\" data-element_type=\"widget\" data-e-type=\"widget\" data-widget_type=\"text-editor.default\">\n\t\t\t\t<div class=\"elementor-widget-container\">\n\t\t\t\t\t\t\t\t\t<p style=\"text-align: center;\"><span>Para obtener m\u00e1s informaci\u00f3n sobre la certificaci\u00f3n de empresas comerciales de minor\u00edas \/ mujeres del condado de Cook<\/span><\/p>\t\t\t\t\t\t\t\t<\/div>\n\t\t\t\t<\/div>\n\t\t\t\t<div class=\"elementor-element elementor-element-2348446 elementor-align-center elementor-widget elementor-widget-button\" data-id=\"2348446\" data-element_type=\"widget\" data-e-type=\"widget\" data-widget_type=\"button.default\">\n\t\t\t\t<div class=\"elementor-widget-container\">\n\t\t\t\t\t\t\t\t\t<div class=\"elementor-button-wrapper\">\n\t\t\t\t\t<a class=\"elementor-button elementor-button-link elementor-size-sm\" href=\"https:\/\/www.cookcountyil.gov\/service\/business-enterprise-development-certification\" target=\"_blank\" rel=\"noopener\">\n\t\t\t\t\t\t<span class=\"elementor-button-content-wrapper\">\n\t\t\t\t\t\t\t\t\t<span class=\"elementor-button-text\">Haga clic aqu\u00ed<\/span>\n\t\t\t\t\t<\/span>\n\t\t\t\t\t<\/a>\n\t\t\t\t<\/div>\n\t\t\t\t\t\t\t\t<\/div>\n\t\t\t\t<\/div>\n\t\t\t\t<\/div>\n\t\t<div class=\"elementor-element elementor-element-72a06ee e-con-full e-flex e-con e-child\" data-id=\"72a06ee\" data-element_type=\"container\" data-e-type=\"container\" data-settings=\"{&quot;background_background&quot;:&quot;classic&quot;,&quot;jet_parallax_layout_list&quot;:[]}\">\n\t\t\t\t<div class=\"elementor-element elementor-element-c5f4975 elementor-widget elementor-widget-text-editor\" data-id=\"c5f4975\" data-element_type=\"widget\" data-e-type=\"widget\" data-widget_type=\"text-editor.default\">\n\t\t\t\t<div class=\"elementor-widget-container\">\n\t\t\t\t\t\t\t\t\t<p style=\"text-align: center;\"><span>En colaboraci\u00f3n con el estado de Illinois, CountyCare tambi\u00e9n fomenta un entorno empresarial inclusivo y competitivo a trav\u00e9s de su participaci\u00f3n en el programa Business Enterprise.<\/span><\/p>\t\t\t\t\t\t\t\t<\/div>\n\t\t\t\t<\/div>\n\t\t\t\t<div class=\"elementor-element elementor-element-5c7b35d elementor-align-center elementor-widget elementor-widget-button\" data-id=\"5c7b35d\" data-element_type=\"widget\" data-e-type=\"widget\" data-widget_type=\"button.default\">\n\t\t\t\t<div class=\"elementor-widget-container\">\n\t\t\t\t\t\t\t\t\t<div class=\"elementor-button-wrapper\">\n\t\t\t\t\t<a class=\"elementor-button elementor-button-link elementor-size-sm\" href=\"https:\/\/cms.illinois.gov\/\" target=\"_blank\" rel=\"noopener\">\n\t\t\t\t\t\t<span class=\"elementor-button-content-wrapper\">\n\t\t\t\t\t\t\t\t\t<span class=\"elementor-button-text\">M\u00e1s informaci\u00f3n<\/span>\n\t\t\t\t\t<\/span>\n\t\t\t\t\t<\/a>\n\t\t\t\t<\/div>\n\t\t\t\t\t\t\t\t<\/div>\n\t\t\t\t<\/div>\n\t\t\t\t<\/div>\n\t\t<div class=\"elementor-element elementor-element-0e93ee3 e-con-full e-flex e-con e-child\" data-id=\"0e93ee3\" data-element_type=\"container\" data-e-type=\"container\" data-settings=\"{&quot;background_background&quot;:&quot;classic&quot;,&quot;jet_parallax_layout_list&quot;:[]}\">\n\t\t\t\t<div class=\"elementor-element elementor-element-e64f134 elementor-widget elementor-widget-text-editor\" data-id=\"e64f134\" data-element_type=\"widget\" data-e-type=\"widget\" data-widget_type=\"text-editor.default\">\n\t\t\t\t<div class=\"elementor-widget-container\">\n\t\t\t\t\t\t\t\t\t<p style=\"text-align: center;\"><span>Para obtener m\u00e1s informaci\u00f3n sobre la contrataci\u00f3n con Cook County Health,<\/span><\/p>\t\t\t\t\t\t\t\t<\/div>\n\t\t\t\t<\/div>\n\t\t\t\t<div class=\"elementor-element elementor-element-c72b6c5 elementor-align-center elementor-widget elementor-widget-button\" data-id=\"c72b6c5\" data-element_type=\"widget\" data-e-type=\"widget\" data-widget_type=\"button.default\">\n\t\t\t\t<div class=\"elementor-widget-container\">\n\t\t\t\t\t\t\t\t\t<div class=\"elementor-button-wrapper\">\n\t\t\t\t\t<a class=\"elementor-button elementor-button-link elementor-size-sm\" href=\"https:\/\/cookcountyhealth.org\/about\/doing-business-with-cook-county-health\/\" target=\"_blank\" rel=\"noopener\">\n\t\t\t\t\t\t<span class=\"elementor-button-content-wrapper\">\n\t\t\t\t\t\t\t\t\t<span class=\"elementor-button-text\">Haga clic aqu\u00ed<\/span>\n\t\t\t\t\t<\/span>\n\t\t\t\t\t<\/a>\n\t\t\t\t<\/div>\n\t\t\t\t\t\t\t\t<\/div>\n\t\t\t\t<\/div>\n\t\t\t\t<\/div>\n\t\t\t\t\t<\/div>\n\t\t\t\t<\/div>\n\t\t\t\t<\/div>","protected":false},"excerpt":{"rendered":"<p>Business Enterprise Program (BEP) Minority\/Women\/Veteran\/Service Disabled Veteran\/Person with a Disability-Owned Business Enterprises CountyCare is required to meet certain BEP subcontracting goals. Local minority-owned, women-owned, veteran-owned, service disabled veteran-owned, person with a disability-owned business enterprises are encouraged to submit bids for Cook County Health contracts. The County\u2019s utilization for non-public work contracts is 25 percent for [&hellip;]<\/p>\n","protected":false},"author":1,"featured_media":9544,"parent":0,"menu_order":0,"comment_status":"closed","ping_status":"closed","template":"elementor_header_footer","meta":{"iawp_total_views":3231,"footnotes":""},"class_list":["post-7531","page","type-page","status-publish","has-post-thumbnail","hentry"],"_links":{"self":[{"href":"https:\/\/countycare.com\/es\/wp-json\/wp\/v2\/pages\/7531","targetHints":{"allow":["GET"]}}],"collection":[{"href":"https:\/\/countycare.com\/es\/wp-json\/wp\/v2\/pages"}],"about":[{"href":"https:\/\/countycare.com\/es\/wp-json\/wp\/v2\/types\/page"}],"author":[{"embeddable":true,"href":"https:\/\/countycare.com\/es\/wp-json\/wp\/v2\/users\/1"}],"replies":[{"embeddable":true,"href":"https:\/\/countycare.com\/es\/wp-json\/wp\/v2\/comments?post=7531"}],"version-history":[{"count":0,"href":"https:\/\/countycare.com\/es\/wp-json\/wp\/v2\/pages\/7531\/revisions"}],"wp:featuredmedia":[{"embeddable":true,"href":"https:\/\/countycare.com\/es\/wp-json\/wp\/v2\/media\/9544"}],"wp:attachment":[{"href":"https:\/\/countycare.com\/es\/wp-json\/wp\/v2\/media?parent=7531"}],"curies":[{"name":"wp","href":"https:\/\/api.w.org\/{rel}","templated":true}]}}