{"id":8515,"date":"2020-11-17T13:24:27","date_gmt":"2020-11-17T19:24:27","guid":{"rendered":"https:\/\/countycare1.wpenginepowered.com\/?page_id=8515"},"modified":"2025-07-02T13:27:12","modified_gmt":"2025-07-02T18:27:12","slug":"covid-updates","status":"publish","type":"page","link":"https:\/\/countycare.com\/es\/covid-updates\/","title":{"rendered":"Actualizaciones de COVID-19"},"content":{"rendered":"<div data-elementor-type=\"wp-page\" data-elementor-id=\"8515\" class=\"elementor elementor-8515\" data-elementor-post-type=\"page\">\n\t\t\t\t<div class=\"elementor-element elementor-element-e06dbe9 e-flex e-con-boxed e-con e-parent\" data-id=\"e06dbe9\" data-element_type=\"container\" data-e-type=\"container\" data-settings=\"{&quot;background_background&quot;:&quot;classic&quot;,&quot;jet_parallax_layout_list&quot;:[]}\">\n\t\t\t\t\t<div class=\"e-con-inner\">\n\t\t<div class=\"elementor-element elementor-element-adfbb2f e-con-full e-flex e-con e-child\" data-id=\"adfbb2f\" data-element_type=\"container\" data-e-type=\"container\" data-settings=\"{&quot;jet_parallax_layout_list&quot;:[]}\">\n\t\t\t\t<div class=\"elementor-element elementor-element-3df79d5 elementor-widget elementor-widget-heading\" data-id=\"3df79d5\" data-element_type=\"widget\" data-e-type=\"widget\" data-widget_type=\"heading.default\">\n\t\t\t\t<div class=\"elementor-widget-container\">\n\t\t\t\t\t<h1 class=\"elementor-heading-title elementor-size-default\">Actualizaciones de COVID-19<\/h1>\t\t\t\t<\/div>\n\t\t\t\t<\/div>\n\t\t\t\t<\/div>\n\t\t<div class=\"elementor-element elementor-element-61e7721 e-con-full e-flex e-con e-child\" data-id=\"61e7721\" data-element_type=\"container\" data-e-type=\"container\" data-settings=\"{&quot;background_background&quot;:&quot;classic&quot;,&quot;jet_parallax_layout_list&quot;:[]}\">\n\t\t\t\t<div class=\"elementor-element elementor-element-1014863 elementor-widget elementor-widget-heading\" data-id=\"1014863\" data-element_type=\"widget\" data-e-type=\"widget\" data-widget_type=\"heading.default\">\n\t\t\t\t<div class=\"elementor-widget-container\">\n\t\t\t\t\t<h4 class=\"elementor-heading-title elementor-size-default\">Recordatorios importantes<\/h4>\t\t\t\t<\/div>\n\t\t\t\t<\/div>\n\t\t\t\t<div class=\"elementor-element elementor-element-4a0ded0 elementor-widget elementor-widget-text-editor\" data-id=\"4a0ded0\" data-element_type=\"widget\" data-e-type=\"widget\" data-widget_type=\"text-editor.default\">\n\t\t\t\t<div class=\"elementor-widget-container\">\n\t\t\t\t\t\t\t\t\t<p><strong>\u00bfRecibi\u00f3 COVID-19?<\/strong><span>\u00a0<\/span>Si dio positivo por COVID-19, al Departamento de Salud P\u00fablica de Illinois le gustar\u00eda saber sobre su experiencia al recibir tratamiento para la enfermedad. H\u00e1ganos saber acerca de su experiencia recibiendo tratamiento<span>\u00a0<\/span><a href=\"https:\/\/app.smartsheet.com\/b\/form\/b5148b3c42604383a4084aad58389701\" target=\"_blank\" rel=\"noopener\">Haga<\/a>.<\/p><p><strong>\u00bfTuvo usted COVID-19<\/strong>? Si usted dio positivo en la prueba de COVID-19, el Departamento de Salud P\u00fablica de Illinois (IDPH) quisiera saber sobre su experiencia al recibir tratamiento para la enfermedad. D\u00e9jenos saber sobre su experiencia en buscar tratamiento<span>\u00a0<\/span><a href=\"https:\/\/app.smartsheet.com\/b\/form\/abe30a9fce484c04b8154daa6fcb26cf\" target=\"_blank\" rel=\"noopener\">aqu\u00ed<\/a>.<\/p>\t\t\t\t\t\t\t\t<\/div>\n\t\t\t\t<\/div>\n\t\t\t\t<div class=\"elementor-element elementor-element-a4f6137 elementor-widget elementor-widget-heading\" data-id=\"a4f6137\" data-element_type=\"widget\" data-e-type=\"widget\" data-widget_type=\"heading.default\">\n\t\t\t\t<div class=\"elementor-widget-container\">\n\t\t\t\t\t<h4 class=\"elementor-heading-title elementor-size-default\">Pruebas y vacunas COVID-19<\/h4>\t\t\t\t<\/div>\n\t\t\t\t<\/div>\n\t\t\t\t<div class=\"elementor-element elementor-element-fc91c2d elementor-widget elementor-widget-text-editor\" data-id=\"fc91c2d\" data-element_type=\"widget\" data-e-type=\"widget\" data-widget_type=\"text-editor.default\">\n\t\t\t\t<div class=\"elementor-widget-container\">\n\t\t\t\t\t\t\t\t\t<p><strong>A partir del 21 de febrero de 2022, los miembros pueden acudir a un<span>\u00a0<\/span><a href=\"https:\/\/openenrollment.medimpact.com\/#\/plancode?CCX01202001\" target=\"_blank\" rel=\"noopener\">farmacia dentro de la red<\/a><span>\u00a0<\/span>y obtenga hasta ocho kits de prueba casera de COVID-19 por mes sin costo para ellos. Aseg\u00farese de llamar primero a la farmacia para asegurarse de que tengan los kits en existencia.<span>\u00a0<\/span><\/strong>A continuaci\u00f3n se muestran las pruebas que est\u00e1n cubiertas actualmente:<\/p><ul><li><ul><li><ul><li><strong>PRUEBA LUCIRA CHECK-IT COVID-19<\/strong><\/li><li><strong>TARJETA BINAXNOW COVID-19 AG<\/strong><\/li><li><strong>TARJETA BINAXNOW COVD AG INICIO TST<\/strong><\/li><li><strong>AUTOEVALUACI\u00d3N DE BINAXNOW COVID-19 AG<\/strong><\/li><\/ul><\/li><\/ul><\/li><\/ul><p class=\"xmsonormal\"><b><span>Inyecciones de refuerzo<\/span><\/b><span>: Las inyecciones de refuerzo de la vacuna COVID-19 est\u00e1n disponibles para<\/span>Todos los adultos que hayan completado su serie de vacunas primarias (6 meses despu\u00e9s de la segunda dosis de Moderna o Pfizer o 2 meses despu\u00e9s de la primera dosis de Johnson &amp; Johnson).<span>\u00a0<\/span><b><span>Para hacer una cita,\u00a0<\/span><span>llame al 312-864-0591.<\/span><\/b><\/p><p class=\"xmsonormal\"><b><span>Las vacunas COVID-19 ahora est\u00e1n disponibles para mayores de 6 meses:\u00a0<\/span><\/b><span>Las vacunas COVID-19 ahora est\u00e1n disponibles para ni\u00f1os de 6 meses en adelante. Agregaremos $50 a CountyCare de todos los miembros\u00a0<a href=\"https:\/\/countycare.com\/es\/members\/benefits-rewards\/\">Visa\u00a0<\/a><a href=\"https:\/\/countycare.com\/es\/members\/benefits-rewards\/\" target=\"_blank\" rel=\"noopener\">Tarjeta de recompensas<\/a>\u00a0por recibir su primera vacuna contra el COVID-19, $10 por recibir la segunda vacuna y $10 por cada refuerzo.\u00a0<b>Para hacer una cita,\u00a0<\/b><\/span><b><span>llame al 312-864-0591.<\/span><\/b><span>\u00a0Un padre o tutor debe estar presente para los ni\u00f1os menores de 18 a\u00f1os.<\/span><\/p><p><a href=\"https:\/\/cookcountyhealth.org\/patients-visitors\/coronavirus-information\/\" target=\"_blank\" rel=\"noopener\"><strong>Lo que necesita saber sobre COVID-19<\/strong><\/a><\/p>\t\t\t\t\t\t\t\t<\/div>\n\t\t\t\t<\/div>\n\t\t\t\t<div class=\"elementor-element elementor-element-56f4c78 elementor-widget elementor-widget-heading\" data-id=\"56f4c78\" data-element_type=\"widget\" data-e-type=\"widget\" data-widget_type=\"heading.default\">\n\t\t\t\t<div class=\"elementor-widget-container\">\n\t\t\t\t\t<h4 class=\"elementor-heading-title elementor-size-default\">viruela del simio<\/h4>\t\t\t\t<\/div>\n\t\t\t\t<\/div>\n\t\t\t\t<div class=\"elementor-element elementor-element-9e0d551 elementor-widget elementor-widget-text-editor\" data-id=\"9e0d551\" data-element_type=\"widget\" data-e-type=\"widget\" data-widget_type=\"text-editor.default\">\n\t\t\t\t<div class=\"elementor-widget-container\">\n\t\t\t\t\t\t\t\t\t<p><span>Visita\u00a0<\/span><a href=\"https:\/\/cookcountyhealth.org\/monkeypox\/\" target=\"_blank\" rel=\"noopener\">https:\/\/cookcountyhealth.org\/monkeypox\/<\/a><span>\u00a0para obtener m\u00e1s informaci\u00f3n sobre vacunas, ex\u00e1menes de detecci\u00f3n, tratamiento y m\u00e1s.<\/span><\/p>\t\t\t\t\t\t\t\t<\/div>\n\t\t\t\t<\/div>\n\t\t\t\t<div class=\"elementor-element elementor-element-83f3adb elementor-widget elementor-widget-heading\" data-id=\"83f3adb\" data-element_type=\"widget\" data-e-type=\"widget\" data-widget_type=\"heading.default\">\n\t\t\t\t<div class=\"elementor-widget-container\">\n\t\t\t\t\t<h4 class=\"elementor-heading-title elementor-size-default\">\u00a1La temporada de gripe est\u00e1 aqu\u00ed!<\/h4>\t\t\t\t<\/div>\n\t\t\t\t<\/div>\n\t\t\t\t<div class=\"elementor-element elementor-element-12be0ce elementor-widget elementor-widget-text-editor\" data-id=\"12be0ce\" data-element_type=\"widget\" data-e-type=\"widget\" data-widget_type=\"text-editor.default\">\n\t\t\t\t<div class=\"elementor-widget-container\">\n\t\t\t\t\t\t\t\t\t<p><span>La vacuna contra la gripe es m\u00e1s importante que nunca debido al COVID-19. Para encontrar un lugar de vacunaci\u00f3n contra la gripe sin costo,\u00a0<a href=\"http:\/\/openenrollment.medimpact.com\/#\/plancode?CCX01202001\" target=\"_blank\" rel=\"noopener\">Haga clic aqu\u00ed<\/a>.<\/span><span>\u00a0<\/span><span>Los ni\u00f1os menores de 18 a\u00f1os deben contraer la vacuna contra la<\/span><span>gripe<\/span><span>de su m\u00e9dico.<\/span><\/p>\t\t\t\t\t\t\t\t<\/div>\n\t\t\t\t<\/div>\n\t\t\t\t<\/div>\n\t\t\t\t\t<\/div>\n\t\t\t\t<\/div>\n\t\t\t\t<\/div>","protected":false},"excerpt":{"rendered":"<p>COVID-19 Updates Important Reminders Did you get COVID-19?\u00a0If you tested positive for COVID-19, the Illinois Department of Public Health would like to know about your experience in getting treatment for the disease. Let us know about your experience getting treatment\u00a0here. \u00bfTuvo usted COVID-19? Si usted dio positivo en la prueba de COVID-19, el Departamento de [&hellip;]<\/p>\n","protected":false},"author":1,"featured_media":0,"parent":0,"menu_order":0,"comment_status":"closed","ping_status":"closed","template":"elementor_header_footer","meta":{"iawp_total_views":308,"footnotes":""},"class_list":["post-8515","page","type-page","status-publish","hentry"],"_links":{"self":[{"href":"https:\/\/countycare.com\/es\/wp-json\/wp\/v2\/pages\/8515","targetHints":{"allow":["GET"]}}],"collection":[{"href":"https:\/\/countycare.com\/es\/wp-json\/wp\/v2\/pages"}],"about":[{"href":"https:\/\/countycare.com\/es\/wp-json\/wp\/v2\/types\/page"}],"author":[{"embeddable":true,"href":"https:\/\/countycare.com\/es\/wp-json\/wp\/v2\/users\/1"}],"replies":[{"embeddable":true,"href":"https:\/\/countycare.com\/es\/wp-json\/wp\/v2\/comments?post=8515"}],"version-history":[{"count":0,"href":"https:\/\/countycare.com\/es\/wp-json\/wp\/v2\/pages\/8515\/revisions"}],"wp:attachment":[{"href":"https:\/\/countycare.com\/es\/wp-json\/wp\/v2\/media?parent=8515"}],"curies":[{"name":"wp","href":"https:\/\/api.w.org\/{rel}","templated":true}]}}