{"id":9432,"date":"2020-12-09T15:51:43","date_gmt":"2020-12-09T21:51:43","guid":{"rendered":"https:\/\/countycare1.wpenginepowered.com\/?page_id=9432"},"modified":"2025-07-02T12:02:15","modified_gmt":"2025-07-02T17:02:15","slug":"contracts-and-letter-of-agreement-requests","status":"publish","type":"page","link":"https:\/\/countycare.com\/es\/contracts-and-letter-of-agreement-requests\/","title":{"rendered":"Contratos y solicitudes de carta de acuerdo"},"content":{"rendered":"<div data-elementor-type=\"wp-page\" data-elementor-id=\"9432\" class=\"elementor elementor-9432\" data-elementor-post-type=\"page\">\n\t\t\t\t<div class=\"elementor-element elementor-element-6095227 e-flex e-con-boxed e-con e-parent\" data-id=\"6095227\" data-element_type=\"container\" data-e-type=\"container\" data-settings=\"{&quot;background_background&quot;:&quot;classic&quot;,&quot;jet_parallax_layout_list&quot;:[]}\">\n\t\t\t\t\t<div class=\"e-con-inner\">\n\t\t\t\t<div class=\"elementor-element elementor-element-cb4c465 elementor-widget elementor-widget-heading\" data-id=\"cb4c465\" data-element_type=\"widget\" data-e-type=\"widget\" data-widget_type=\"heading.default\">\n\t\t\t\t<div class=\"elementor-widget-container\">\n\t\t\t\t\t<h2 class=\"elementor-heading-title elementor-size-default\">Request to Join CountyCare\n&amp; Single Case Agreements<\/h2>\t\t\t\t<\/div>\n\t\t\t\t<\/div>\n\t\t\t\t\t<\/div>\n\t\t\t\t<\/div>\n\t\t<div class=\"elementor-element elementor-element-65b4465 e-flex e-con-boxed e-con e-parent\" data-id=\"65b4465\" data-element_type=\"container\" data-e-type=\"container\" data-settings=\"{&quot;jet_parallax_layout_list&quot;:[]}\">\n\t\t\t\t\t<div class=\"e-con-inner\">\n\t\t<div class=\"elementor-element elementor-element-73f475b e-con-full e-flex e-con e-child\" data-id=\"73f475b\" data-element_type=\"container\" data-e-type=\"container\" data-settings=\"{&quot;background_background&quot;:&quot;classic&quot;,&quot;jet_parallax_layout_list&quot;:[]}\">\n\t\t\t\t<div class=\"elementor-element elementor-element-09b1dcc elementor-widget elementor-widget-heading\" data-id=\"09b1dcc\" data-element_type=\"widget\" data-e-type=\"widget\" data-widget_type=\"heading.default\">\n\t\t\t\t<div class=\"elementor-widget-container\">\n\t\t\t\t\t<h2 class=\"elementor-heading-title elementor-size-default\">\u00bfPreguntas?<\/h2>\t\t\t\t<\/div>\n\t\t\t\t<\/div>\n\t\t\t\t<div class=\"elementor-element elementor-element-c34075f elementor-widget elementor-widget-text-editor\" data-id=\"c34075f\" data-element_type=\"widget\" data-e-type=\"widget\" data-widget_type=\"text-editor.default\">\n\t\t\t\t<div class=\"elementor-widget-container\">\n\t\t\t\t\t\t\t\t\t<h4>\u00a1Estamos aqu\u00ed para ayudarte!<\/h4>\t\t\t\t\t\t\t\t<\/div>\n\t\t\t\t<\/div>\n\t\t\t\t<div class=\"elementor-element elementor-element-2c0139a elementor-widget elementor-widget-text-editor\" data-id=\"2c0139a\" data-element_type=\"widget\" data-e-type=\"widget\" data-widget_type=\"text-editor.default\">\n\t\t\t\t<div class=\"elementor-widget-container\">\n\t\t\t\t\t\t\t\t\t<p><strong>Llamenos al<\/strong><\/p>\t\t\t\t\t\t\t\t<\/div>\n\t\t\t\t<\/div>\n\t\t\t\t<div class=\"elementor-element elementor-element-895b8ff elementor-widget elementor-widget-text-editor\" data-id=\"895b8ff\" data-element_type=\"widget\" data-e-type=\"widget\" data-widget_type=\"text-editor.default\">\n\t\t\t\t<div class=\"elementor-widget-container\">\n\t\t\t\t\t\t\t\t\t<p><a href=\"tel:+13128648200\">312-864-8200<\/a><\/p>\t\t\t\t\t\t\t\t<\/div>\n\t\t\t\t<\/div>\n\t\t\t\t<\/div>\n\t\t<div class=\"elementor-element elementor-element-28b5ee7 e-con-full e-flex e-con e-child\" data-id=\"28b5ee7\" data-element_type=\"container\" data-e-type=\"container\" data-settings=\"{&quot;jet_parallax_layout_list&quot;:[]}\">\n\t\t\t\t<div class=\"elementor-element elementor-element-c0e4b61 elementor-widget elementor-widget-heading\" data-id=\"c0e4b61\" data-element_type=\"widget\" data-e-type=\"widget\" data-widget_type=\"heading.default\">\n\t\t\t\t<div class=\"elementor-widget-container\">\n\t\t\t\t\t<h4 class=\"elementor-heading-title elementor-size-default\">Solicitud para unirse a CountyCare y acuerdos de caso \u00fanico<\/h4>\t\t\t\t<\/div>\n\t\t\t\t<\/div>\n\t\t\t\t<div class=\"elementor-element elementor-element-473a3dd elementor-widget elementor-widget-text-editor\" data-id=\"473a3dd\" data-element_type=\"widget\" data-e-type=\"widget\" data-widget_type=\"text-editor.default\">\n\t\t\t\t<div class=\"elementor-widget-container\">\n\t\t\t\t\t\t\t\t\t<p>CountyCare cree que la excelente atenci\u00f3n a los miembros comienza con excelentes proveedores. Para obtener m\u00e1s informaci\u00f3n sobre c\u00f3mo unirse a la red de proveedores de CountyCare, env\u00ede un formulario de solicitud completo a\u00a0<a href=\"mailto:CountyCareContracting@cookcountyhhs.org\">CountyCareContracting@cookcountyhhs.org<\/a>. Una vez que haya enviado su formulario, un representante de CountyCare se comunicar\u00e1 con usted si CountyCare decide buscar un contrato con su organizaci\u00f3n. Tenga en cuenta: enviar este formulario es una solicitud y no un registro oficial.<\/p><div><ul><li class=\"cc-callout\"><a href=\"https:\/\/countycare.com\/wp-content\/uploads\/CC_Contract-Request-Form_2.28.23.xlsx\" target=\"_blank\" rel=\"noopener\">Descargar\u00a0<strong>Formulario de solicitud de contrato de CountyCare<\/strong><\/a><\/li><\/ul><\/div><div><ul><li><a href=\"https:\/\/countycare.com\/wp-content\/uploads\/CountyCare-Single-Case-Agreement-OON-Providers-Updated-10.28.2022.doc\">Descargar\u00a0<strong>Acuerdo de caso \u00fanico de CountyCare<\/strong><\/a><\/li><\/ul><\/div><div>\u00a0<\/div><div>Thank you for considering joining CountyCare\u2019s network of providers.<\/div>\t\t\t\t\t\t\t\t<\/div>\n\t\t\t\t<\/div>\n\t\t\t\t<\/div>\n\t\t\t\t\t<\/div>\n\t\t\t\t<\/div>\n\t\t\t\t<\/div>","protected":false},"excerpt":{"rendered":"<p>Request to Join CountyCare &amp; Single Case Agreements Questions? We\u2019re here to help! Call us at 312-864-8200 Request to Join CountyCare and Single Case Agreements CountyCare believes great member care starts with great providers. To learn more about joining CountyCare\u2019s network of providers, please submit a completed request form to\u00a0CountyCareContracting@cookcountyhhs.org. After your form has been [&hellip;]<\/p>\n","protected":false},"author":1,"featured_media":9521,"parent":0,"menu_order":0,"comment_status":"closed","ping_status":"closed","template":"elementor_header_footer","meta":{"iawp_total_views":381,"footnotes":""},"class_list":["post-9432","page","type-page","status-publish","has-post-thumbnail","hentry"],"_links":{"self":[{"href":"https:\/\/countycare.com\/es\/wp-json\/wp\/v2\/pages\/9432","targetHints":{"allow":["GET"]}}],"collection":[{"href":"https:\/\/countycare.com\/es\/wp-json\/wp\/v2\/pages"}],"about":[{"href":"https:\/\/countycare.com\/es\/wp-json\/wp\/v2\/types\/page"}],"author":[{"embeddable":true,"href":"https:\/\/countycare.com\/es\/wp-json\/wp\/v2\/users\/1"}],"replies":[{"embeddable":true,"href":"https:\/\/countycare.com\/es\/wp-json\/wp\/v2\/comments?post=9432"}],"version-history":[{"count":0,"href":"https:\/\/countycare.com\/es\/wp-json\/wp\/v2\/pages\/9432\/revisions"}],"wp:featuredmedia":[{"embeddable":true,"href":"https:\/\/countycare.com\/es\/wp-json\/wp\/v2\/media\/9521"}],"wp:attachment":[{"href":"https:\/\/countycare.com\/es\/wp-json\/wp\/v2\/media?parent=9432"}],"curies":[{"name":"wp","href":"https:\/\/api.w.org\/{rel}","templated":true}]}}